{"id":8,"date":"2008-09-29T11:39:16","date_gmt":"2008-09-29T09:39:16","guid":{"rendered":"http:\/\/www.acoustic-andre.de\/?page_id=8"},"modified":"2010-07-01T19:51:05","modified_gmt":"2010-07-01T17:51:05","slug":"uber-mich","status":"publish","type":"page","link":"http:\/\/www.acoustic-andre.de\/?page_id=8","title":{"rendered":"\u00dcber mich"},"content":{"rendered":"<p style=\"text-align: center;\"><strong>Liebe Besucher !<\/strong><\/p>\n<p style=\"text-align: center;\">Willkommen auf meiner Homepage!<\/p>\n<p style=\"text-align: center;\">Diese Website ist entstanden, um meine musikalischen Ideen und Entw\u00fcrfe vorstellen zu k\u00f6nnen. Weiterhin, um ein wenig Werbung in eigener Sache zu machen.<\/p>\n<p style=\"text-align: center;\">In der Rubrik &#8218;Media&#8216; werdet ihr eigene Songs und einige Videos finden!<br \/>\nIch habe auch einige gecoverte Songs aus der Playlist aufgenommen, werde diese aber wegen bei einer Ver\u00f6ffentlichung f\u00e4llig werdender GEMA Geb\u00fchren hier nicht zum H\u00f6ren anbieten k\u00f6nnen!<\/p>\n<p style=\"text-align: center;\">Da ich mir endlich eine neue Recording-Software (siehe Equipment) zugelegt habe, wird die Qualit\u00e4t der Aufnahmen nun auch stetig besser.<\/p>\n<p style=\"text-align: center;\">Ich spiele alle Aufnahmen selbst ein und mische diese anschliessend am Rechner ab (Cubase).<\/p>\n<p style=\"text-align: center;\">Die hier zu h\u00f6renden Songs sind alle selbst geschrieben (keine Coverst\u00fccke) und alle Instrumente werden selbst von mir eingespielt, ausser das Schlagzeug, dazu nutze ich\u00a0den EZ Drummer von Toontrack.<\/p>\n<p style=\"text-align: center;\">In der Rubrik &#8222;Equipment&#8220; bekommt ihr einen kleinen \u00dcberblick \u00fcber meine &#8222;Arbeitsger\u00e4te&#8220;. Erl\u00e4utert werden die Instrumente, die Technik und die Software, die ich bei meinen Aufnahmen (Auftritten) benutze, es wird in Zukunft auch noch weiteres Zubeh\u00f6r folgen.<\/p>\n<p><br class=\"spacer_\" \/><\/p>\n<p style=\"text-align: center;\"><a href=\"http:\/\/www.acoustic-andre.de\/wp-content\/uploads\/2008\/10\/bild_uebermich1.jpg\"><img loading=\"lazy\" decoding=\"async\" class=\"size-full wp-image-335  aligncenter\" title=\"bild_uebermich1\" src=\"http:\/\/www.acoustic-andre.de\/wp-content\/uploads\/2008\/10\/bild_uebermich1.jpg\" alt=\"\" width=\"285\" height=\"353\" srcset=\"http:\/\/www.acoustic-andre.de\/wp-content\/uploads\/2008\/10\/bild_uebermich1.jpg 285w, http:\/\/www.acoustic-andre.de\/wp-content\/uploads\/2008\/10\/bild_uebermich1-242x300.jpg 242w\" sizes=\"auto, (max-width: 285px) 100vw, 285px\" \/><\/a><strong><\/strong><\/p>\n<p style=\"text-align: center;\"><strong>Fruchtkasten in Aalen<\/strong><\/p>\n<p><br class=\"spacer_\" \/><\/p>\n<p style=\"text-align: center;\">Unter Termine sind vergangene, sowie zuk\u00fcnftige Auftrittsorte und Termine zusammengefasst!<\/p>\n<p style=\"text-align: center;\">Unter <strong><a href=\"http:\/\/www.acoustic-andre.de\/?page_id=361\">Fan Area<\/a> <\/strong>k\u00f6nnt ihr euch durch einige Entw\u00fcrfe und andere H\u00f6rproben klicken. \u00a0Daf\u00fcr ist jedoch ein <span style=\"text-decoration: underline;\">Passwort<\/span> erforderlich! Wenn ihr Zutritt dazu haben wollt, schreibt mir einfach eine <a href=\"http:\/\/www.acoustic-andre.de\/?page_id=25\">eMail<\/a> und ich schicke Euch das Passwort zu!!!<\/p>\n<p style=\"text-align: center;\">Wenn ihr Fragen oder Anregungen habt, nehmt einfach via e-mail Kontakt mit mir auf oder tragt euch in mein G\u00e4stebuch ein. Weiterhin habt ihr die M\u00f6glichkeit Euch in meine Mailingliste einzutragen. Dadurch erhaltet ihr von Zeit zu Zeit einen Newsletter von mir!<\/p>\n<p style=\"text-align: center;\">Anmerkung: Diese Seite ist noch nicht fertig bearbeitet, es werden noch weitere St\u00fccke und Videos, sowie einige Playlists folgen.<\/p>\n<p style=\"text-align: center;\">Alle Rubriken werden regelm\u00e4\u00dfig aktualisiert. Ein weiterer Besuch wird sich in Zukunft bestimmt lohnen \ud83d\ude42<\/p>\n<p style=\"text-align: center;\">P.S.: Diese Seite ist f\u00fcr Opera und Firefox (und f\u00fcr eine Bildschirmgr\u00f6\u00dfe ab ca. 16 Zoll) optimiert. Falls ihr Probleme mit dem Download (bzw. Hintergrundmusik auf der Start- und Media-Seite) habt, m\u00fcsst ihr eure jeweiligen Browsereinstellungen (Mozilla Firefox, Safari, Netscape und Opera) \u00e4ndern- und\/oder Einstellungen (Plug-Ins) erg\u00e4nzen!!!<\/p>\n<p style=\"text-align: center;\">Viel Spa\u00df beim durchklicken,<\/p>\n<p style=\"text-align: center;\">euer Andre<\/p>\n","protected":false},"excerpt":{"rendered":"<p>Liebe Besucher ! Willkommen auf meiner Homepage! Diese Website ist entstanden, um meine musikalischen Ideen und Entw\u00fcrfe vorstellen zu k\u00f6nnen. Weiterhin, um ein wenig Werbung in eigener Sache zu machen. In der Rubrik &#8218;Media&#8216; werdet ihr eigene Songs und einige Videos finden! Ich habe auch einige gecoverte Songs aus der Playlist aufgenommen, werde diese aber [&hellip;]<\/p>\n","protected":false},"author":1,"featured_media":0,"parent":0,"menu_order":10,"comment_status":"open","ping_status":"open","template":"","meta":{"footnotes":"","_links_to":"","_links_to_target":""},"class_list":["post-8","page","type-page","status-publish","hentry"],"jetpack_shortlink":"https:\/\/wp.me\/P73NNt-8","_links":{"self":[{"href":"http:\/\/www.acoustic-andre.de\/index.php?rest_route=\/wp\/v2\/pages\/8","targetHints":{"allow":["GET"]}}],"collection":[{"href":"http:\/\/www.acoustic-andre.de\/index.php?rest_route=\/wp\/v2\/pages"}],"about":[{"href":"http:\/\/www.acoustic-andre.de\/index.php?rest_route=\/wp\/v2\/types\/page"}],"author":[{"embeddable":true,"href":"http:\/\/www.acoustic-andre.de\/index.php?rest_route=\/wp\/v2\/users\/1"}],"replies":[{"embeddable":true,"href":"http:\/\/www.acoustic-andre.de\/index.php?rest_route=%2Fwp%2Fv2%2Fcomments&post=8"}],"version-history":[{"count":20,"href":"http:\/\/www.acoustic-andre.de\/index.php?rest_route=\/wp\/v2\/pages\/8\/revisions"}],"predecessor-version":[{"id":332,"href":"http:\/\/www.acoustic-andre.de\/index.php?rest_route=\/wp\/v2\/pages\/8\/revisions\/332"}],"wp:attachment":[{"href":"http:\/\/www.acoustic-andre.de\/index.php?rest_route=%2Fwp%2Fv2%2Fmedia&parent=8"}],"curies":[{"name":"wp","href":"https:\/\/api.w.org\/{rel}","templated":true}]}}